{"id":381,"date":"2022-03-23T08:36:23","date_gmt":"2022-03-23T08:36:23","guid":{"rendered":"https:\/\/startersites.io\/stagingseven\/?page_id=381"},"modified":"2025-12-27T17:25:30","modified_gmt":"2025-12-27T16:25:30","slug":"contact","status":"publish","type":"page","link":"https:\/\/tabakverkauf.com\/de\/contact\/","title":{"rendered":"Kontakt"},"content":{"rendered":"<div class=\"wp-block-stackable-columns alignfull stk-block-columns stk-block stk-cf247fd stk-block-background\" data-block-id=\"cf247fd\"><style>.stk-cf247fd {background-color:var(--theme-palette-color-5, #edeff2) !important;background-position:top left !important;background-repeat:no-repeat !important;padding-top:210px !important;padding-right:10px !important;padding-bottom:210px !important;padding-left:10px !important;margin-bottom:0px !important;}.stk-cf247fd:before{background-color:var(--theme-palette-color-5, #edeff2) !important;}@media screen and (max-width:999px){.stk-cf247fd {padding-top:140px !important;padding-bottom:140px !important;}}<\/style><div class=\"stk-row stk-inner-blocks has-text-align-center stk-block-content stk-content-align stk-cf247fd-column\">\n<div class=\"wp-block-stackable-column stk-block-column stk-column stk-block stk-1d93b9f\" data-v=\"4\" data-block-id=\"1d93b9f\"><style>.stk-1d93b9f-container{margin-top:0px !important;margin-right:0px !important;margin-bottom:0px !important;margin-left:0px !important;}<\/style><div class=\"stk-column-wrapper stk-block-column__content stk-container stk-1d93b9f-container stk--no-background stk--no-padding\"><div class=\"stk-block-content stk-inner-blocks stk-1d93b9f-inner-blocks\">\n<div class=\"wp-block-stackable-heading stk-block-heading stk-block-heading--v2 stk-block stk-436ce8b\" id=\"contact\" data-block-id=\"436ce8b\"><style>.stk-436ce8b {margin-bottom:20px !important;}.stk-436ce8b .stk-block-heading__text{font-size:55px !important;line-height:1em !important;font-weight:800 !important;}@media screen and (max-width:999px){.stk-436ce8b .stk-block-heading__text{font-size:40px !important;}}@media screen and (max-width:689px){.stk-436ce8b .stk-block-heading__text{font-size:30px !important;}}<\/style><h2 class=\"stk-block-heading__text\">Kontakt<\/h2><\/div>\n\n\n\n<div class=\"wp-block-stackable-text stk-block-text stk-block stk-ad51fb0\" data-block-id=\"ad51fb0\"><style>.stk-ad51fb0 {max-width:730px !important;min-width:auto !important;margin-right:auto !important;margin-left:auto !important;}<\/style><p class=\"stk-block-text__text\">Haben Sie Fragen zu Ihrer Bestellung, zur Verf\u00fcgbarkeit bestimmter Blattsorten oder ben\u00f6tigen Sie Beratung? Wir sind f\u00fcr Sie da! Kontaktieren Sie uns per E-Mail oder Telefon \u2013 wir beraten Sie gerne und beantworten alle Ihre Fragen.<\/p><\/div>\n<\/div><\/div><\/div>\n<\/div><\/div>\n\n\n\n<div class=\"wp-block-stackable-spacer stk-block-spacer stk--no-padding stk-block stk-6090630\" data-block-id=\"6090630\"><style>.stk-6090630 {height:100px !important;}@media screen and (max-width:999px){.stk-6090630 {height:80px !important;}}<\/style><\/div>\n\n\n\n<div class=\"wp-block-stackable-columns stk-block-columns stk-block stk-42e9779\" data-block-id=\"42e9779\"><style>.stk-42e9779 {margin-bottom:0px !important;}<\/style><div class=\"stk-row stk-inner-blocks stk-block-content stk-content-align stk-42e9779-column\">\n<div class=\"wp-block-stackable-column stk-block-column stk-column stk-block stk-a79a682\" data-v=\"4\" data-block-id=\"a79a682\"><style>.stk-a79a682-container{margin-top:0px !important;margin-right:0px !important;margin-bottom:0px !important;margin-left:0px !important;}.stk-a79a682:hover{box-shadow:0px 10px 30px #0000000d !important;}.stk-a79a682 {padding-top:30px !important;padding-right:25px !important;padding-bottom:30px !important;padding-left:25px !important;}@media screen and (min-width:690px) and (max-width:999px){.stk-a79a682 {flex:var(--stk-flex-grow, 1) 1 calc(50% - var(--stk-column-gap, 0px) * 1 \/ 2 ) !important;}}<\/style><div class=\"stk-column-wrapper stk-block-column__content stk-container stk-a79a682-container stk--no-background stk--no-padding\"><div class=\"has-text-align-center stk-block-content stk-inner-blocks stk-a79a682-inner-blocks\">\n<div class=\"wp-block-stackable-icon stk-block-icon stk-block stk-22bc0c3\" data-block-id=\"22bc0c3\"><style>.stk-22bc0c3 {margin-bottom:20px !important;}.stk-22bc0c3 .stk--svg-wrapper .stk--inner-svg svg:last-child{height:22px !important;width:22px !important;}.stk-22bc0c3 .stk--svg-wrapper .stk--inner-svg svg:last-child, .stk-22bc0c3 .stk--svg-wrapper .stk--inner-svg svg:last-child :is(g, path, rect, polygon, ellipse){fill:var(--theme-palette-color-4, #0a0500) !important;}.stk-22bc0c3 .stk--svg-wrapper .stk--inner-svg{background-color:var(--theme-palette-color-1, #ffcd05) !important;border-radius:50% !important;padding:20px !important;}<\/style><span class=\"stk--svg-wrapper\"><div class=\"stk--inner-svg\"><svg style=\"height:0;width:0\"><defs><lineargradient id=\"linear-gradient-22bc0c3\" x1=\"0\" x2=\"100%\" y1=\"0\" y2=\"0\"><stop offset=\"0%\" style=\"stop-opacity:1;stop-color:var(--linear-gradient-22-bc-0-c-3-color-1)\"><\/stop><stop offset=\"100%\" style=\"stop-opacity:1;stop-color:var(--linear-gradient-22-bc-0-c-3-color-2)\"><\/stop><\/lineargradient><\/defs><\/svg><svg aria-hidden=\"true\" focusable=\"false\" data-prefix=\"fas\" data-icon=\"map-marker-alt\" class=\"svg-inline--fa fa-map-marker-alt fa-w-12\" xmlns=\"http:\/\/www.w3.org\/2000\/svg\" viewbox=\"0 0 384 512\" width=\"32\" height=\"32\"><path fill=\"currentColor\" d=\"M172.268 501.67C26.97 291.031 0 269.413 0 192 0 85.961 85.961 0 192 0s192 85.961 192 192c0 77.413-26.97 99.031-172.268 309.67-9.535 13.774-29.93 13.773-39.464 0zM192 272c44.183 0 80-35.817 80-80s-35.817-80-80-80-80 35.817-80 80 35.817 80 80 80z\"><\/path><\/svg><\/div><\/span><\/div>\n\n\n\n<div class=\"wp-block-stackable-heading stk-block-heading stk-block-heading--v2 stk-block stk-592ef48\" id=\"adress\" data-block-id=\"592ef48\"><style>.stk-592ef48 {margin-bottom:15px !important;}.stk-592ef48 .stk-block-heading__text{line-height:1.5em !important;}<\/style><h5 class=\"stk-block-heading__text\">Adress<\/h5><\/div>\n\n\n\n<p class=\"has-text-align-center\">Zeurengasse 41 72469 Me\u00dfstetten<\/p>\n<\/div><\/div><\/div>\n\n\n\n<div class=\"wp-block-stackable-column stk-block-column stk-column stk-block stk-d5bb11b\" data-v=\"4\" data-block-id=\"d5bb11b\"><style>.stk-d5bb11b-container{margin-top:0px !important;margin-right:0px !important;margin-bottom:0px !important;margin-left:0px !important;}.stk-d5bb11b:hover{box-shadow:0px 10px 30px #0000000d !important;}.stk-d5bb11b {padding-top:30px !important;padding-right:25px !important;padding-bottom:30px !important;padding-left:25px !important;}@media screen and (min-width:690px) and (max-width:999px){.stk-d5bb11b {flex:var(--stk-flex-grow, 1) 1 calc(50% - var(--stk-column-gap, 0px) * 1 \/ 2 ) !important;}}<\/style><div class=\"stk-column-wrapper stk-block-column__content stk-container stk-d5bb11b-container stk--no-background stk--no-padding\"><div class=\"has-text-align-center stk-block-content stk-inner-blocks stk-d5bb11b-inner-blocks\">\n<div class=\"wp-block-stackable-icon stk-block-icon stk-block stk-1ff9060\" data-block-id=\"1ff9060\"><style>.stk-1ff9060 {margin-bottom:20px !important;}.stk-1ff9060 .stk--svg-wrapper .stk--inner-svg svg:last-child{height:22px !important;width:22px !important;}.stk-1ff9060 .stk--svg-wrapper .stk--inner-svg svg:last-child, .stk-1ff9060 .stk--svg-wrapper .stk--inner-svg svg:last-child :is(g, path, rect, polygon, ellipse){fill:var(--theme-palette-color-4, #0a0500) !important;}.stk-1ff9060 .stk--svg-wrapper .stk--inner-svg{background-color:var(--theme-palette-color-1, #ffcd05) !important;border-radius:50% !important;padding:20px !important;}<\/style><span class=\"stk--svg-wrapper\"><div class=\"stk--inner-svg\"><svg style=\"height:0;width:0\"><defs><lineargradient id=\"linear-gradient-1ff9060\" x1=\"0\" x2=\"100%\" y1=\"0\" y2=\"0\"><stop offset=\"0%\" style=\"stop-opacity:1;stop-color:var(--linear-gradient-1-ff-9060-color-1)\"><\/stop><stop offset=\"100%\" style=\"stop-opacity:1;stop-color:var(--linear-gradient-1-ff-9060-color-2)\"><\/stop><\/lineargradient><\/defs><\/svg><svg aria-hidden=\"true\" focusable=\"false\" data-prefix=\"fas\" data-icon=\"envelope\" class=\"svg-inline--fa fa-envelope fa-w-16\" xmlns=\"http:\/\/www.w3.org\/2000\/svg\" viewbox=\"0 0 512 512\" width=\"32\" height=\"32\"><path fill=\"currentColor\" d=\"M502.3 190.8c3.9-3.1 9.7-.2 9.7 4.7V400c0 26.5-21.5 48-48 48H48c-26.5 0-48-21.5-48-48V195.6c0-5 5.7-7.8 9.7-4.7 22.4 17.4 52.1 39.5 154.1 113.6 21.1 15.4 56.7 47.8 92.2 47.6 35.7.3 72-32.8 92.3-47.6 102-74.1 131.6-96.3 154-113.7zM256 320c23.2.4 56.6-29.2 73.4-41.4 132.7-96.3 142.8-104.7 173.4-128.7 5.8-4.5 9.2-11.5 9.2-18.9v-19c0-26.5-21.5-48-48-48H48C21.5 64 0 85.5 0 112v19c0 7.4 3.4 14.3 9.2 18.9 30.6 23.9 40.7 32.4 173.4 128.7 16.8 12.2 50.2 41.8 73.4 41.4z\"><\/path><\/svg><\/div><\/span><\/div>\n\n\n\n<div class=\"wp-block-stackable-heading stk-block-heading stk-block-heading--v2 stk-block stk-7391842\" id=\"adress-email\" data-block-id=\"7391842\"><style>.stk-7391842 {margin-bottom:15px !important;}.stk-7391842 .stk-block-heading__text{line-height:1.5em !important;}<\/style><h5 class=\"stk-block-heading__text\">Adress Email<\/h5><\/div>\n\n\n\n<p>bueromm2000@gmail.com<\/p>\n<\/div><\/div><\/div>\n\n\n\n<div class=\"wp-block-stackable-column stk-block-column stk-column stk-block stk-621ae9f\" data-v=\"4\" data-block-id=\"621ae9f\"><style>.stk-621ae9f-container{margin-top:0px !important;margin-right:0px !important;margin-bottom:0px !important;margin-left:0px !important;}.stk-621ae9f:hover{box-shadow:0px 10px 30px #0000000d !important;}.stk-621ae9f {padding-top:30px !important;padding-right:25px !important;padding-bottom:30px !important;padding-left:25px !important;}@media screen and (min-width:690px) and (max-width:999px){.stk-621ae9f {flex:var(--stk-flex-grow, 1) 1 calc(50% - var(--stk-column-gap, 0px) * 1 \/ 2 ) !important;}}<\/style><div class=\"stk-column-wrapper stk-block-column__content stk-container stk-621ae9f-container stk--no-background stk--no-padding\"><div class=\"has-text-align-center stk-block-content stk-inner-blocks stk-621ae9f-inner-blocks\">\n<div class=\"wp-block-stackable-icon stk-block-icon stk-block stk-a80ef35\" data-block-id=\"a80ef35\"><style>.stk-a80ef35 {margin-bottom:20px !important;}.stk-a80ef35 .stk--svg-wrapper .stk--inner-svg svg:last-child{height:22px !important;width:22px !important;}.stk-a80ef35 .stk--svg-wrapper .stk--inner-svg svg:last-child, .stk-a80ef35 .stk--svg-wrapper .stk--inner-svg svg:last-child :is(g, path, rect, polygon, ellipse){fill:var(--theme-palette-color-4, #0a0500) !important;}.stk-a80ef35 .stk--svg-wrapper .stk--inner-svg{background-color:var(--theme-palette-color-1, #ffcd05) !important;border-radius:50% !important;padding:20px !important;}<\/style><span class=\"stk--svg-wrapper\"><div class=\"stk--inner-svg\"><svg style=\"height:0;width:0\"><defs><lineargradient id=\"linear-gradient-a80ef35\" x1=\"0\" x2=\"100%\" y1=\"0\" y2=\"0\"><stop offset=\"0%\" style=\"stop-opacity:1;stop-color:var(--linear-gradient-a-80-ef-35-color-1)\"><\/stop><stop offset=\"100%\" style=\"stop-opacity:1;stop-color:var(--linear-gradient-a-80-ef-35-color-2)\"><\/stop><\/lineargradient><\/defs><\/svg><svg aria-hidden=\"true\" focusable=\"false\" data-prefix=\"fas\" data-icon=\"mobile\" class=\"svg-inline--fa fa-mobile fa-w-10\" xmlns=\"http:\/\/www.w3.org\/2000\/svg\" viewbox=\"0 0 320 512\" width=\"32\" height=\"32\"><path fill=\"currentColor\" d=\"M272 0H48C21.5 0 0 21.5 0 48v416c0 26.5 21.5 48 48 48h224c26.5 0 48-21.5 48-48V48c0-26.5-21.5-48-48-48zM160 480c-17.7 0-32-14.3-32-32s14.3-32 32-32 32 14.3 32 32-14.3 32-32 32z\"><\/path><\/svg><\/div><\/span><\/div>\n\n\n\n<div class=\"wp-block-stackable-heading stk-block-heading stk-block-heading--v2 stk-block stk-276e4de\" id=\"phone-mobile-number\" data-block-id=\"276e4de\"><style>.stk-276e4de {margin-bottom:15px !important;}.stk-276e4de .stk-block-heading__text{line-height:1.5em !important;}<\/style><h5 class=\"stk-block-heading__text\">Phone\/Mobile Number<\/h5><\/div>\n\n\n\n<p>+49 1514 7986111<br>(WhatsApp)<\/p>\n<\/div><\/div><\/div>\n<\/div><\/div>\n\n\n\n<div class=\"wp-block-stackable-spacer stk-block-spacer stk--no-padding stk-block stk-b53b987\" data-block-id=\"b53b987\"><style>.stk-b53b987 {height:120px !important;}@media screen and (max-width:999px){.stk-b53b987 {height:100px !important;}}<\/style><\/div>\n\n\n\n<div class=\"wp-block-stackable-columns stk-block-columns stk-block stk-9dedec1\" data-block-id=\"9dedec1\"><style>.stk-9dedec1 {margin-bottom:0px !important;}.stk-9dedec1-column{--stk-column-gap:35px !important;row-gap:35px !important;}<\/style><div class=\"stk-row stk-inner-blocks stk-block-content stk-content-align stk-9dedec1-column\">\n<div class=\"wp-block-stackable-column stk-block-column stk-column stk-block stk-e8ec9fc\" data-v=\"4\" data-block-id=\"e8ec9fc\"><style>.stk-e8ec9fc-container{margin-top:0px !important;margin-right:0px !important;margin-bottom:0px !important;margin-left:0px !important;}@media screen and (min-width:690px) and (max-width:999px){.stk-e8ec9fc {flex:var(--stk-flex-grow, 1) 1 calc(100% - var(--stk-column-gap, 0px) * 0 \/ 1 ) !important;}}<\/style><div class=\"stk-column-wrapper stk-block-column__content stk-container stk-e8ec9fc-container stk--no-background stk--no-padding\"><div class=\"stk-block-content stk-inner-blocks stk-e8ec9fc-inner-blocks\">\n<div class=\"wp-block-stackable-map stk-block-map stk-block stk-ce15af3\" data-block-id=\"ce15af3\"><style>.stk-ce15af3 .stk-block-map__canvas, .stk-ce15af3 iframe{height:750px !important;}.stk-ce15af3 {margin-bottom:0px !important;}@media screen and (max-width:999px){.stk-ce15af3 .stk-block-map__canvas, .stk-ce15af3 iframe{height:400px !important;}}<\/style><iframe\n\t\t\t\t\t\ttitle=\"Embedded content from Google Maps Platform.\"\n\t\t\t\t\t\tsrc=\"https:\/\/maps.google.com\/maps?q=Zeurengasse 41 72469 Me\u00dfstetten&#038;t=&#038;z=16&#038;ie=UTF8&#038;output=embed\"\n\t\t\t\t\t\tstyle=\"border:0;width:100%;max-width:none;max-height:none;height:100%;\"\n\t\t\t\t\t\taria-hidden=\"false\"\n\t\t\t\t\t\ttabindex=\"0\"\n\t\t\t\t\t\tallowfullscreen\n\t\t\t\t\t\tloading=\"lazy\"\n\t\t\t\t\t\tframeborder=\"0\"\n\t\t\t\t\t><\/iframe><\/div>\n<\/div><\/div><\/div>\n\n\n\n<div class=\"wp-block-stackable-column stk-block-column stk-column stk-block stk-20a795f\" data-v=\"4\" data-block-id=\"20a795f\"><style>.stk-20a795f-container{margin-top:0px !important;margin-right:0px !important;margin-bottom:0px !important;margin-left:0px !important;}.stk-20a795f {align-self:center !important;}@media screen and (min-width:690px) and (max-width:999px){.stk-20a795f {flex:var(--stk-flex-grow, 1) 1 calc(100% - var(--stk-column-gap, 0px) * 0 \/ 1 ) !important;}}<\/style><div class=\"stk-column-wrapper stk-block-column__content stk-container stk-20a795f-container stk--no-background stk--no-padding\"><div class=\"stk-block-content stk-inner-blocks stk-20a795f-inner-blocks\">\n<div class=\"wp-block-stackable-heading stk-block-heading stk-block-heading--v2 stk-block stk-406e1c3\" id=\"write-to-us\" data-block-id=\"406e1c3\"><style>.stk-406e1c3 {margin-bottom:20px !important;}.stk-406e1c3 .stk-block-heading__text{line-height:2em !important;font-weight:900 !important;}<\/style><h3 class=\"stk-block-heading__text\">Schreiben Sie uns!<\/h3><\/div>\n\n\n<div class=\"wpforms-container wpforms-block wpforms-block-9c3a5f90-df89-4f15-8e86-420674ede0c6 wpforms-render-modern\" id=\"wpforms-561\"><form id=\"wpforms-form-561\" class=\"wpforms-validate wpforms-form wpforms-ajax-form\" data-formid=\"561\" method=\"post\" enctype=\"multipart\/form-data\" action=\"\/de\/wp-json\/wp\/v2\/pages\/381\" data-token=\"82a914e4ae91247334fcd9465124234b\" data-token-time=\"1776434654\" data-trp-original-action=\"\/de\/wp-json\/wp\/v2\/pages\/381\"><noscript class=\"wpforms-error-noscript\">Bitte aktiviere JavaScript in deinem Browser, um dieses Formular fertigzustellen.<\/noscript><div id=\"wpforms-error-noscript\" style=\"display: none;\">Bitte aktiviere JavaScript in deinem Browser, um dieses Formular fertigzustellen.<\/div><div class=\"wpforms-field-container\"><div id=\"wpforms-561-field_0-container\" class=\"wpforms-field wpforms-field-name\" data-field-id=\"0\"><label class=\"wpforms-field-label\" for=\"wpforms-561-field_0\">Name <span class=\"wpforms-required-label\" aria-hidden=\"true\">*<\/span><\/label><input type=\"text\" id=\"wpforms-561-field_0\" class=\"wpforms-field-large wpforms-field-required\" name=\"wpforms[fields][0]\" aria-errormessage=\"wpforms-561-field_0-error\" required><\/div><div id=\"wpforms-561-field_1-container\" class=\"wpforms-field wpforms-field-email\" data-field-id=\"1\"><label class=\"wpforms-field-label\" for=\"wpforms-561-field_1\">Email Address <span class=\"wpforms-required-label\" aria-hidden=\"true\">*<\/span><\/label><input type=\"email\" id=\"wpforms-561-field_1\" class=\"wpforms-field-large wpforms-field-required\" name=\"wpforms[fields][1]\" spellcheck=\"false\" aria-errormessage=\"wpforms-561-field_1-error\" required><\/div><div id=\"wpforms-561-field_2-container\" class=\"wpforms-field wpforms-field-textarea\" data-field-id=\"2\"><label class=\"wpforms-field-label\" for=\"wpforms-561-field_2\">Nachricht <span class=\"wpforms-required-label\" aria-hidden=\"true\">*<\/span><\/label><textarea id=\"wpforms-561-field_2\" class=\"wpforms-field-large wpforms-field-required\" name=\"wpforms[fields][2]\" aria-errormessage=\"wpforms-561-field_2-error\" required><\/textarea><\/div><\/div><!-- .wpforms-field-container --><div class=\"wpforms-submit-container\" ><input type=\"hidden\" name=\"wpforms[id]\" value=\"561\"><input type=\"hidden\" name=\"page_title\" value=\"\"><input type=\"hidden\" name=\"page_url\" value=\"https:\/\/tabakverkauf.com\/de\/wp-json\/wp\/v2\/pages\/381\"><input type=\"hidden\" name=\"url_referer\" value=\"\"><button type=\"submit\" name=\"wpforms[submit]\" id=\"wpforms-submit-561\" class=\"wpforms-submit\" data-alt-text=\"Sending...\" data-submit-text=\"Send\" aria-live=\"assertive\" value=\"wpforms-submit\">senden<\/button><img loading=\"lazy\" decoding=\"async\" src=\"https:\/\/tabakverkauf.com\/wp-content\/plugins\/wpforms-lite\/assets\/images\/submit-spin.svg\" class=\"wpforms-submit-spinner\" style=\"display: none;\" width=\"26\" height=\"26\" alt=\"Wird geladen\"><\/div><input type=\"hidden\" name=\"trp-form-language\" value=\"de\"\/><\/form><\/div>  <!-- .wpforms-container --><\/div><\/div><\/div>\n<\/div><\/div>\n\n\n\n<div class=\"wp-block-stackable-spacer stk-block-spacer stk--no-padding stk-block stk-746b086\" data-block-id=\"746b086\"><style>.stk-746b086 {height:120px !important;}@media screen and (max-width:999px){.stk-746b086 {height:100px !important;}}<\/style><\/div>","protected":false},"excerpt":{"rendered":"<p>Contact Do you have questions about your order, the availability of specific leaf varieties, or need advice? We are at your service! Contact us by email or phone \u2013 we will be happy to advise you and answer any questions you may have. Adress Zeurengasse 41 72469 Me\u00dfstetten Adress Email bueromm2000@gmail.com Phone\/Mobile Number +49 1514 [&hellip;]<\/p>","protected":false},"author":1,"featured_media":0,"parent":0,"menu_order":0,"comment_status":"closed","ping_status":"closed","template":"","meta":{"footnotes":""},"class_list":["post-381","page","type-page","status-publish","hentry"],"blocksy_meta":{"page_title_panel":"","has_hero_section":"disabled","d164b8f26f9cbfd053b88a7283dfd2c6":"","hero_section":"type-1","hero_elements":[{"id":"custom_title","enabled":true,"heading_tag":"h1","title":"Startseite"},{"id":"custom_description","enabled":true,"description_visibility":{"desktop":true,"tablet":true,"mobile":false}},{"id":"custom_meta","enabled":false,"meta_elements":[{"id":"author","enabled":true,"label":"By","has_author_avatar":"yes","avatar_size":25},{"id":"post_date","enabled":true,"label":"On","date_format_source":"default","date_format":"M j, Y"},{"id":"updated_date","enabled":false,"label":"On","date_format_source":"default","date_format":"M j, Y"},{"id":"categories","enabled":false,"label":"In","style":"simple"},{"id":"comments","enabled":true}],"page_meta_elements":{"joined":true,"articles_count":true,"comments":true}},{"id":"breadcrumbs","enabled":false}],"61393d7c0d3e11903aca7bb4b51e510f":"","hero_alignment1":"CT_CSS_SKIP_RULE","hero_margin":40,"hero_alignment2":"center","hero_vertical_alignment":"center","7596a8dd7d4698ce6574a6bb59aeccb6":"","hero_structure":"narrow","3540a697133f72a27c61191ddb44b28d":"","page_title_bg_type":"featured_image","custom_hero_background":{"attachment_id":null},"parallax":{"desktop":false,"tablet":false,"mobile":false},"4e469f2500d8cea9ff1df5d7a7ee0b9d":"","hero_height":"250px","pageTitleFont":{"family":"Default","variation":"Default","size":"30px","line-height":"CT_CSS_SKIP_RULE","letter-spacing":"CT_CSS_SKIP_RULE","text-transform":"CT_CSS_SKIP_RULE","text-decoration":"CT_CSS_SKIP_RULE"},"pageTitleFontColor":{"default":{"color":"CT_CSS_SKIP_RULEDEFAULT"}},"pageMetaFont":{"family":"Default","variation":"n6","size":"12px","line-height":"1.3","letter-spacing":"CT_CSS_SKIP_RULE","text-transform":"uppercase","text-decoration":"CT_CSS_SKIP_RULE"},"pageMetaFontColor":{"default":{"color":"CT_CSS_SKIP_RULEDEFAULT"},"hover":{"color":"CT_CSS_SKIP_RULEDEFAULT"}},"page_meta_button_type_font_colors":{"default":{"color":"CT_CSS_SKIP_RULEDEFAULT"},"hover":{"color":"CT_CSS_SKIP_RULEDEFAULT"}},"page_meta_button_type_background_colors":{"default":{"color":"CT_CSS_SKIP_RULEDEFAULT"},"hover":{"color":"CT_CSS_SKIP_RULEDEFAULT"}},"pageExcerptFont":{"family":"Default","variation":"Default","size":"CT_CSS_SKIP_RULE","line-height":"CT_CSS_SKIP_RULE","letter-spacing":"CT_CSS_SKIP_RULE","text-transform":"CT_CSS_SKIP_RULE","text-decoration":"CT_CSS_SKIP_RULE"},"pageExcerptColor":{"default":{"color":"CT_CSS_SKIP_RULEDEFAULT"}},"breadcrumbsFont":{"family":"Default","variation":"Default","size":"CT_CSS_SKIP_RULE","line-height":"CT_CSS_SKIP_RULE","letter-spacing":"CT_CSS_SKIP_RULE","text-transform":"CT_CSS_SKIP_RULE","text-decoration":"CT_CSS_SKIP_RULE"},"breadcrumbsFontColor":{"default":{"color":"CT_CSS_SKIP_RULEDEFAULT"},"initial":{"color":"CT_CSS_SKIP_RULEDEFAULT"},"hover":{"color":"CT_CSS_SKIP_RULEDEFAULT"}},"pageTitleOverlay":{"background_type":"color","background_pattern":"type-1","background_image":{"attachment_id":null,"x":0,"y":0},"gradient":"linear-gradient(135deg,rgba(6,147,227,1) 0%,rgb(155,81,224) 100%)","background_repeat":"repeat","background_size":"auto","background_attachment":"scroll","patternColor":{"default":{"color":"#e5e7ea"}},"overlayColor":{"default":{"color":"CT_CSS_SKIP_RULE"}},"backgroundColor":{"default":{"color":"CT_CSS_SKIP_RULE"}}},"pageTitleBackground":{"background_type":"color","background_pattern":"type-1","background_image":{"attachment_id":null,"x":0,"y":0},"gradient":"linear-gradient(135deg,rgba(6,147,227,1) 0%,rgb(155,81,224) 100%)","background_repeat":"repeat","background_size":"auto","background_attachment":"scroll","patternColor":{"default":{"color":"#e5e7ea"}},"overlayColor":{"default":{"color":"CT_CSS_SKIP_RULE"}},"backgroundColor":{"default":{"color":"var(--theme-palette-color-6)"}}},"pageTitlePadding":{"top":"50px","bottom":"50px","left":"auto","right":"auto","linked":true},"991849a46c7a87367c44a69702ed6b1a":"","page_structure_type":"default","04bd53b955ec5ffc8387b259e9361c65":"","content_style_source":"inherit","content_style":"wide","vertical_spacing_source":"custom","content_area_spacing":"none","background":{"background_type":"color","background_pattern":"type-1","background_image":{"attachment_id":null,"x":0,"y":0},"gradient":"linear-gradient(135deg,rgba(6,147,227,1) 0%,rgb(155,81,224) 100%)","background_repeat":"repeat","background_size":"auto","background_attachment":"scroll","patternColor":{"default":{"color":"#e5e7ea"}},"overlayColor":{"default":{"color":"CT_CSS_SKIP_RULE"}},"backgroundColor":{"default":{"color":"CT_CSS_SKIP_RULE"}}},"content_background":{"background_type":"color","background_pattern":"type-1","background_image":{"attachment_id":null,"x":0,"y":0},"gradient":"linear-gradient(135deg,rgba(6,147,227,1) 0%,rgb(155,81,224) 100%)","background_repeat":"repeat","background_size":"auto","background_attachment":"scroll","patternColor":{"default":{"color":"#e5e7ea"}},"overlayColor":{"default":{"color":"CT_CSS_SKIP_RULE"}},"backgroundColor":{"default":{"color":"var(--theme-palette-color-8)"}}},"content_boxed_shadow":{"inherit":false,"blur":18,"spread":-6,"v_offset":12,"h_offset":0,"inset":false,"enable":true,"color":{"color":"rgba(34, 56, 101, 0.04)"}},"boxed_content_spacing":{"desktop":{"top":"40px","bottom":"40px","left":"40px","right":"40px","linked":true},"tablet":{"top":"35px","bottom":"35px","left":"35px","right":"35px","linked":true},"mobile":{"top":"20px","bottom":"20px","left":"20px","right":"20px","linked":true}},"content_boxed_radius":{"top":"3px","bottom":"3px","left":"3px","right":"3px","linked":true},"a5717471cb29a96342b7b5b289e1cec3":"","disable_featured_image":"no","disable_share_box":"no","disable_header":"no","disable_footer":"no","styles_descriptor":{"styles":{"desktop":"","tablet":"","mobile":""},"google_fonts":[],"version":6}},"_links":{"self":[{"href":"https:\/\/tabakverkauf.com\/de\/wp-json\/wp\/v2\/pages\/381","targetHints":{"allow":["GET"]}}],"collection":[{"href":"https:\/\/tabakverkauf.com\/de\/wp-json\/wp\/v2\/pages"}],"about":[{"href":"https:\/\/tabakverkauf.com\/de\/wp-json\/wp\/v2\/types\/page"}],"author":[{"embeddable":true,"href":"https:\/\/tabakverkauf.com\/de\/wp-json\/wp\/v2\/users\/1"}],"replies":[{"embeddable":true,"href":"https:\/\/tabakverkauf.com\/de\/wp-json\/wp\/v2\/comments?post=381"}],"version-history":[{"count":9,"href":"https:\/\/tabakverkauf.com\/de\/wp-json\/wp\/v2\/pages\/381\/revisions"}],"predecessor-version":[{"id":726,"href":"https:\/\/tabakverkauf.com\/de\/wp-json\/wp\/v2\/pages\/381\/revisions\/726"}],"wp:attachment":[{"href":"https:\/\/tabakverkauf.com\/de\/wp-json\/wp\/v2\/media?parent=381"}],"curies":[{"name":"wp","href":"https:\/\/api.w.org\/{rel}","templated":true}]}}