{"id":452,"date":"2022-03-23T11:21:11","date_gmt":"2022-03-23T11:21:11","guid":{"rendered":"https:\/\/startersites.io\/stagingseven\/?page_id=452"},"modified":"2025-12-29T16:23:56","modified_gmt":"2025-12-29T15:23:56","slug":"home","status":"publish","type":"page","link":"https:\/\/tabakverkauf.com\/de\/","title":{"rendered":"Startseite"},"content":{"rendered":"<div class=\"wp-block-stackable-columns alignfull stk-block-columns stk-block stk-9dedec1 stk-block-background stk--has-background-overlay\" data-block-id=\"9dedec1\"><style>.stk-9dedec1 .stk--block-align-9dedec1{align-items:center !important;}.stk-9dedec1 {background-color:#fffffe !important;background-image:url(https:\/\/tabakverkauf.com\/wp-content\/uploads\/2025\/12\/bckfi.png) !important;padding-top:200px !important;padding-bottom:360px !important;padding-left:0px !important;margin-bottom:0px !important;}.stk-9dedec1:before{background-color:#fffffe !important;opacity:0.2 !important;}.stk-9dedec1-column{row-gap:60px !important;}@media screen and (max-width:999px){.stk-9dedec1 {padding-top:160px !important;padding-bottom:210px !important;}}@media screen and (max-width:689px){.stk-9dedec1 {background-size:100% !important;margin-top:var(--stk--preset--spacing--none, 0px) !important;margin-bottom:var(--stk--preset--spacing--none, 0px) !important;}}<\/style><div class=\"stk-row stk-inner-blocks stk--block-align-9dedec1 stk-block-content stk-content-align stk-9dedec1-column\">\n<div class=\"wp-block-stackable-column stk-block-column stk-column stk-block stk-20a795f\" data-v=\"4\" data-block-id=\"20a795f\"><style>.stk-20a795f-container{margin-top:0px !important;margin-right:0px !important;margin-bottom:0px !important;margin-left:0px !important;}<\/style><div class=\"stk-column-wrapper stk-block-column__content stk-container stk-20a795f-container stk--no-background stk--no-padding\"><div class=\"has-text-align-center-tablet stk-block-content stk-inner-blocks stk-20a795f-inner-blocks\">\n<div class=\"wp-block-stackable-heading stk-block-heading stk-block-heading--v2 stk-block stk-406e1c3\" id=\"natural-tobacco-leaves-of-the-highest-quality\" data-block-id=\"406e1c3\"><style>.stk-406e1c3 {margin-bottom:20px !important;}.stk-406e1c3 .stk-block-heading__text{font-size:55px !important;font-weight:900 !important;}@media screen and (max-width:999px){.stk-406e1c3 .stk-block-heading__text{font-size:55px !important;}}@media screen and (max-width:689px){.stk-406e1c3 .stk-block-heading__text{font-size:28px !important;}}<\/style><h2 class=\"stk-block-heading__text\">Nat\u00fcrliche Tabakbl\u00e4tter von h\u00f6chster Qualit\u00e4t<\/h2><\/div>\n\n\n\n<div class=\"wp-block-stackable-text stk-block-text stk-block stk-aa0ab6c\" data-block-id=\"aa0ab6c\"><style>.stk-aa0ab6c {margin-bottom:40px !important;}.stk-aa0ab6c .stk-block-text__text{color:#fcfcfc !important;}<\/style><p class=\"stk-block-text__text has-text-color\">Entdecken Sie die Vielfalt der Aromen direkt aus der Natur. Wir bieten eine gro\u00dfe Auswahl an Tabakbl\u00e4ttern und -streifen.<\/p><\/div>\n\n\n\n<div class=\"wp-block-stackable-button-group stk-block-button-group stk-block stk-9d96085\" data-block-id=\"9d96085\"><div class=\"stk-row stk-inner-blocks stk-block-content stk-button-group\">\n<div class=\"wp-block-stackable-button stk-block-button stk-block stk-8c1bb60\" data-block-id=\"8c1bb60\"><style>.stk-8c1bb60 .stk-button{padding-top:15px !important;padding-right:40px !important;padding-bottom:15px !important;padding-left:40px !important;border-top-left-radius:3px !important;border-top-right-radius:3px !important;border-bottom-right-radius:3px !important;border-bottom-left-radius:3px !important;}.stk-8c1bb60 .stk-button:hover:after{background:var(--theme-palette-color-1, #ffcd05) !important;opacity:1 !important;}.stk-8c1bb60 .stk-button__inner-text{font-size:18px !important;font-weight:500 !important;}.stk-8c1bb60 .stk-button:hover .stk-button__inner-text{color:var(--theme-palette-color-4, #0a0500) !important;}@media screen and (max-width:999px){.stk-8c1bb60 .stk-button__inner-text{font-size:18px !important;}}<\/style><a class=\"stk-link stk-button stk--hover-effect-darken\" href=\"\/de\/sklep\/\"><span class=\"stk-button__inner-text\">Das vollst\u00e4ndige Angebot anzeigen<\/span><\/a><\/div>\n<\/div><\/div>\n<\/div><\/div><\/div>\n<\/div><\/div>\n\n\n\n<div class=\"wp-block-stackable-spacer stk-block-spacer stk--no-padding stk-block stk-a208b00\" data-block-id=\"a208b00\"><style>.stk-a208b00 {height:174px !important;}@media screen and (max-width:999px){.stk-a208b00 {height:100px !important;}}<\/style><\/div>\n\n\n\n<div class=\"wp-block-stackable-heading stk-block-heading stk-block-heading--v2 stk-block stk-a4a8f06 ct-advanced-heading\" title=\"%title%\" id=\"discover-our-products\" data-block-id=\"a4a8f06\"><style>.stk-a4a8f06 {margin-bottom:0px !important;}.stk-a4a8f06 .stk-block-heading__text{font-size:40px !important;line-height:1.5em !important;font-weight:800 !important;}@media screen and (max-width:999px){.stk-a4a8f06 .stk-block-heading__text{font-size:40px !important;}}@media screen and (max-width:689px){.stk-a4a8f06 .stk-block-heading__text{font-size:28px !important;}}<\/style><h2 class=\"stk-block-heading__text has-text-align-center has-text-align-center-mobile\">Entdecken Sie unsere Produkte<\/h2><\/div>\n\n\n\n<div class=\"wp-block-stackable-text stk-block-text stk-block stk-af98705\" id=\"backpack-types\" data-block-id=\"af98705\"><style>.stk-af98705 {margin-bottom:50px !important;}<\/style><p class=\"stk-block-text__text has-text-align-center\">Wir bieten nat\u00fcrliche Tabakbl\u00e4tter von h\u00f6chster Qualit\u00e4t (Virginia, Burley, Oriental). Entdecken Sie unser Sortiment, dem Kunden in ganz Europa vertrauen.<\/p><\/div>\n\n\n<div class=\"woocommerce columns-4\"><div class=\"woocommerce-notices-wrapper\"><\/div><div class=\"woo-listing-top\"><p class=\"woocommerce-result-count ct-hidden-sm\" role=\"alert\" aria-relevant=\"all\" >\n\tAlle 5\u00a0Ergebnisse werden angezeigt<\/p>\n<form class=\"woocommerce-ordering\" method=\"get\" action=\"\">\n\t\t<select\n\t\tname=\"orderby\"\n\t\tclass=\"orderby\"\n\t\t\t\t\taria-label=\"Shop-Reihenfolge\" data-no-translation-aria-label=\"\"\n\t\t\t>\n\t\t\t\t\t<option value=\"menu_order\"  selected='selected' data-no-translation=\"\" data-trp-gettext=\"\">Standardsortierung<\/option>\n\t\t\t\t\t<option value=\"popularity\" data-no-translation=\"\" data-trp-gettext=\"\" >Nach Beliebtheit sortiert<\/option>\n\t\t\t\t\t<option value=\"rating\" data-no-translation=\"\" data-trp-gettext=\"\" >Nach Durchschnittsbewertung sortiert<\/option>\n\t\t\t\t\t<option value=\"date\" data-no-translation=\"\" data-trp-gettext=\"\" >Nach Aktualit\u00e4t sortieren<\/option>\n\t\t\t\t\t<option value=\"price\" data-no-translation=\"\" data-trp-gettext=\"\" >Nach Preis sortieren: aufsteigend<\/option>\n\t\t\t\t\t<option value=\"price-desc\" data-no-translation=\"\" data-trp-gettext=\"\" >Nach Preis sortieren: absteigend<\/option>\n\t\t\t<\/select>\n\t<input type=\"hidden\" name=\"paged\" value=\"1\" \/>\n\t<svg width=\"14px\" height=\"14px\" fill=\"currentColor\" viewbox=\"0 0 24 24\" class=\"ct-sort-icon ct-hidden-lg ct-hidden-md\"><path d=\"M10.434 5.966A.933.933 0 0 1 9.24 7.399L6.318 4.966V19.46a.933.933 0 1 1-1.866 0V4.966L1.53 7.4a.93.93 0 0 1-1.314-.12.933.933 0 0 1 .12-1.313l4.452-3.707c.027-.023.06-.03.09-.048.038-.026.072-.055.114-.074.025-.012.051-.02.078-.03.046-.017.092-.025.14-.034.045-.009.088-.02.134-.022.014 0 .026-.008.04-.008.015 0 .027.008.042.008.046.002.09.013.135.022.047.01.093.017.139.034.026.01.052.018.078.03.042.019.076.048.115.074.029.019.062.026.089.048l4.452 3.707Zm13.35 10.755a.933.933 0 0 0-1.314-.12l-2.922 2.433V4.54a.933.933 0 1 0-1.866 0v14.493L14.76 16.6a.933.933 0 1 0-1.194 1.433l4.452 3.707c.044.037.096.055.144.082.027.015.049.04.077.052l.038.014c.11.042.223.068.338.068a.929.929 0 0 0 .338-.068l.038-.014c.029-.013.05-.037.078-.052.048-.027.099-.045.143-.082l4.452-3.707a.933.933 0 0 0 .12-1.313Z\"\/><\/svg>\n\t\t\t\t<input type=\"hidden\" name=\"trp-form-language\" value=\"de\"\/><\/form>\n<\/div><ul class=\"products columns-4\" data-products=\"type-1\">\n<li class=\"product type-product post-662 status-publish first instock product_cat-tobacco-leaves has-post-thumbnail shipping-taxable product-type-simple\">\n\t<a href=\"https:\/\/tabakverkauf.com\/de\/produkt\/burley-kentucky-1-kg\/\" class=\"woocommerce-LoopProduct-link woocommerce-loop-product__link\"><img loading=\"lazy\" decoding=\"async\" width=\"300\" height=\"300\" src=\"https:\/\/tabakverkauf.com\/wp-content\/uploads\/2025\/12\/Hojas-de-tabaco-Burley-tabaco-crudo-Kentucky-Clase-I-1-300x300.webp\" class=\"attachment-woocommerce_thumbnail size-woocommerce_thumbnail\" alt=\"Burley \u2013 1\/Kg\" srcset=\"https:\/\/tabakverkauf.com\/wp-content\/uploads\/2025\/12\/Hojas-de-tabaco-Burley-tabaco-crudo-Kentucky-Clase-I-1-300x300.webp 300w, https:\/\/tabakverkauf.com\/wp-content\/uploads\/2025\/12\/Hojas-de-tabaco-Burley-tabaco-crudo-Kentucky-Clase-I-1-1024x1024.webp 1024w, https:\/\/tabakverkauf.com\/wp-content\/uploads\/2025\/12\/Hojas-de-tabaco-Burley-tabaco-crudo-Kentucky-Clase-I-1-150x150.webp 150w, https:\/\/tabakverkauf.com\/wp-content\/uploads\/2025\/12\/Hojas-de-tabaco-Burley-tabaco-crudo-Kentucky-Clase-I-1-768x768.webp 768w, https:\/\/tabakverkauf.com\/wp-content\/uploads\/2025\/12\/Hojas-de-tabaco-Burley-tabaco-crudo-Kentucky-Clase-I-1-1536x1536.webp 1536w, https:\/\/tabakverkauf.com\/wp-content\/uploads\/2025\/12\/Hojas-de-tabaco-Burley-tabaco-crudo-Kentucky-Clase-I-1-600x600.webp 600w, https:\/\/tabakverkauf.com\/wp-content\/uploads\/2025\/12\/Hojas-de-tabaco-Burley-tabaco-crudo-Kentucky-Clase-I-1-100x100.webp 100w, https:\/\/tabakverkauf.com\/wp-content\/uploads\/2025\/12\/Hojas-de-tabaco-Burley-tabaco-crudo-Kentucky-Clase-I-1.webp 2000w\" sizes=\"auto, (max-width: 300px) 100vw, 300px\" \/><h2 class=\"woocommerce-loop-product__title\">Burley \u2013 1\/Kg<\/h2>\n<\/a><a href=\"https:\/\/tabakverkauf.com\/de\/produkt\/burley-kentucky-1-kg\/\" aria-describedby=\"woocommerce_loop_add_to_cart_link_describedby_662\" data-quantity=\"1\" class=\"button product_type_simple\" data-product_id=\"662\" data-product_sku=\"\" aria-label=\"Lese mehr \u00fcber \u201eBurley \u2013 1\/Kg\u201c\" rel=\"nofollow\" data-success_message=\"\" data-no-translation=\"\" data-trp-gettext=\"\" data-no-translation-aria-label=\"\">Weiterlesen<\/a>\t<span id=\"woocommerce_loop_add_to_cart_link_describedby_662\" class=\"screen-reader-text\">\n\t\t\t<\/span>\n<\/li>\n<li class=\"product type-product post-680 status-publish instock product_cat-tobacco-leaves has-post-thumbnail shipping-taxable product-type-simple\">\n\t<a href=\"https:\/\/tabakverkauf.com\/de\/produkt\/mix-of-tobacco-leaves-1-kg\/\" class=\"woocommerce-LoopProduct-link woocommerce-loop-product__link\"><img loading=\"lazy\" decoding=\"async\" width=\"300\" height=\"300\" src=\"https:\/\/tabakverkauf.com\/wp-content\/uploads\/2025\/12\/Mezcla-de-hojas-de-tabaco-tabaco-crudo-Virginia-y-tabaco-crudo-Burley-1-1-300x300.webp\" class=\"attachment-woocommerce_thumbnail size-woocommerce_thumbnail\" alt=\"Mix of tobacco leaves \u2013 1\/Kg\" srcset=\"https:\/\/tabakverkauf.com\/wp-content\/uploads\/2025\/12\/Mezcla-de-hojas-de-tabaco-tabaco-crudo-Virginia-y-tabaco-crudo-Burley-1-1-300x300.webp 300w, https:\/\/tabakverkauf.com\/wp-content\/uploads\/2025\/12\/Mezcla-de-hojas-de-tabaco-tabaco-crudo-Virginia-y-tabaco-crudo-Burley-1-1-1024x1024.webp 1024w, https:\/\/tabakverkauf.com\/wp-content\/uploads\/2025\/12\/Mezcla-de-hojas-de-tabaco-tabaco-crudo-Virginia-y-tabaco-crudo-Burley-1-1-150x150.webp 150w, https:\/\/tabakverkauf.com\/wp-content\/uploads\/2025\/12\/Mezcla-de-hojas-de-tabaco-tabaco-crudo-Virginia-y-tabaco-crudo-Burley-1-1-768x768.webp 768w, https:\/\/tabakverkauf.com\/wp-content\/uploads\/2025\/12\/Mezcla-de-hojas-de-tabaco-tabaco-crudo-Virginia-y-tabaco-crudo-Burley-1-1-1536x1536.webp 1536w, https:\/\/tabakverkauf.com\/wp-content\/uploads\/2025\/12\/Mezcla-de-hojas-de-tabaco-tabaco-crudo-Virginia-y-tabaco-crudo-Burley-1-1-600x600.webp 600w, https:\/\/tabakverkauf.com\/wp-content\/uploads\/2025\/12\/Mezcla-de-hojas-de-tabaco-tabaco-crudo-Virginia-y-tabaco-crudo-Burley-1-1-100x100.webp 100w, https:\/\/tabakverkauf.com\/wp-content\/uploads\/2025\/12\/Mezcla-de-hojas-de-tabaco-tabaco-crudo-Virginia-y-tabaco-crudo-Burley-1-1.webp 2000w\" sizes=\"auto, (max-width: 300px) 100vw, 300px\" \/><h2 class=\"woocommerce-loop-product__title\">Mix of tobacco leaves \u2013 1\/Kg<\/h2>\n<\/a><a href=\"https:\/\/tabakverkauf.com\/de\/produkt\/mix-of-tobacco-leaves-1-kg\/\" aria-describedby=\"woocommerce_loop_add_to_cart_link_describedby_680\" data-quantity=\"1\" class=\"button product_type_simple\" data-product_id=\"680\" data-product_sku=\"\" aria-label=\"Lese mehr \u00fcber \u201eMix of tobacco leaves \u2013 1\/Kg\u201c\" rel=\"nofollow\" data-success_message=\"\" data-no-translation=\"\" data-trp-gettext=\"\" data-no-translation-aria-label=\"\">Weiterlesen<\/a>\t<span id=\"woocommerce_loop_add_to_cart_link_describedby_680\" class=\"screen-reader-text\">\n\t\t\t<\/span>\n<\/li>\n<li class=\"product type-product post-666 status-publish instock product_cat-tobacco-leaves has-post-thumbnail shipping-taxable product-type-simple\">\n\t<a href=\"https:\/\/tabakverkauf.com\/de\/produkt\/oriental-asien-1-kg\/\" class=\"woocommerce-LoopProduct-link woocommerce-loop-product__link\"><img loading=\"lazy\" decoding=\"async\" width=\"300\" height=\"300\" src=\"https:\/\/tabakverkauf.com\/wp-content\/uploads\/2025\/12\/Virginia-0riental_Azja-1-2-scaled-2-300x300.jpg\" class=\"attachment-woocommerce_thumbnail size-woocommerce_thumbnail\" alt=\"Oriental \/ Asien \u2013 1\/Kg\" srcset=\"https:\/\/tabakverkauf.com\/wp-content\/uploads\/2025\/12\/Virginia-0riental_Azja-1-2-scaled-2-300x300.jpg 300w, https:\/\/tabakverkauf.com\/wp-content\/uploads\/2025\/12\/Virginia-0riental_Azja-1-2-scaled-2-1024x1024.jpg 1024w, https:\/\/tabakverkauf.com\/wp-content\/uploads\/2025\/12\/Virginia-0riental_Azja-1-2-scaled-2-150x150.jpg 150w, https:\/\/tabakverkauf.com\/wp-content\/uploads\/2025\/12\/Virginia-0riental_Azja-1-2-scaled-2-768x768.jpg 768w, https:\/\/tabakverkauf.com\/wp-content\/uploads\/2025\/12\/Virginia-0riental_Azja-1-2-scaled-2-1536x1536.jpg 1536w, https:\/\/tabakverkauf.com\/wp-content\/uploads\/2025\/12\/Virginia-0riental_Azja-1-2-scaled-2-2048x2048.jpg 2048w, https:\/\/tabakverkauf.com\/wp-content\/uploads\/2025\/12\/Virginia-0riental_Azja-1-2-scaled-2-600x600.jpg 600w, https:\/\/tabakverkauf.com\/wp-content\/uploads\/2025\/12\/Virginia-0riental_Azja-1-2-scaled-2-100x100.jpg 100w\" sizes=\"auto, (max-width: 300px) 100vw, 300px\" \/><h2 class=\"woocommerce-loop-product__title\">Oriental \/ Asien \u2013 1\/Kg<\/h2>\n<\/a><a href=\"https:\/\/tabakverkauf.com\/de\/produkt\/oriental-asien-1-kg\/\" aria-describedby=\"woocommerce_loop_add_to_cart_link_describedby_666\" data-quantity=\"1\" class=\"button product_type_simple\" data-product_id=\"666\" data-product_sku=\"\" aria-label=\"Lese mehr \u00fcber \u201eOriental \/ Asien \u2013 1\/Kg\u201c\" rel=\"nofollow\" data-success_message=\"\" data-no-translation=\"\" data-trp-gettext=\"\" data-no-translation-aria-label=\"\">Weiterlesen<\/a>\t<span id=\"woocommerce_loop_add_to_cart_link_describedby_666\" class=\"screen-reader-text\">\n\t\t\t<\/span>\n<\/li>\n<li class=\"product type-product post-674 status-publish last instock product_cat-tobacco-leaves has-post-thumbnail shipping-taxable product-type-simple\">\n\t<a href=\"https:\/\/tabakverkauf.com\/de\/produkt\/virginia-class-i-lemon-1-kg\/\" class=\"woocommerce-LoopProduct-link woocommerce-loop-product__link\"><img loading=\"lazy\" decoding=\"async\" width=\"300\" height=\"300\" src=\"https:\/\/tabakverkauf.com\/wp-content\/uploads\/2025\/12\/Hojas-de-tabaco-Virginia-Gold-Clase-I-1-1-300x300.webp\" class=\"attachment-woocommerce_thumbnail size-woocommerce_thumbnail\" alt=\"Virginia Class I \u2013 (Lemon) \u2013 1\/Kg\" srcset=\"https:\/\/tabakverkauf.com\/wp-content\/uploads\/2025\/12\/Hojas-de-tabaco-Virginia-Gold-Clase-I-1-1-300x300.webp 300w, https:\/\/tabakverkauf.com\/wp-content\/uploads\/2025\/12\/Hojas-de-tabaco-Virginia-Gold-Clase-I-1-1-1024x1024.webp 1024w, https:\/\/tabakverkauf.com\/wp-content\/uploads\/2025\/12\/Hojas-de-tabaco-Virginia-Gold-Clase-I-1-1-150x150.webp 150w, https:\/\/tabakverkauf.com\/wp-content\/uploads\/2025\/12\/Hojas-de-tabaco-Virginia-Gold-Clase-I-1-1-768x768.webp 768w, https:\/\/tabakverkauf.com\/wp-content\/uploads\/2025\/12\/Hojas-de-tabaco-Virginia-Gold-Clase-I-1-1-1536x1536.webp 1536w, https:\/\/tabakverkauf.com\/wp-content\/uploads\/2025\/12\/Hojas-de-tabaco-Virginia-Gold-Clase-I-1-1-600x600.webp 600w, https:\/\/tabakverkauf.com\/wp-content\/uploads\/2025\/12\/Hojas-de-tabaco-Virginia-Gold-Clase-I-1-1-100x100.webp 100w, https:\/\/tabakverkauf.com\/wp-content\/uploads\/2025\/12\/Hojas-de-tabaco-Virginia-Gold-Clase-I-1-1.webp 2000w\" sizes=\"auto, (max-width: 300px) 100vw, 300px\" \/><h2 class=\"woocommerce-loop-product__title\">Virginia Class I \u2013 (Lemon) \u2013 1\/Kg<\/h2>\n<\/a><a href=\"https:\/\/tabakverkauf.com\/de\/produkt\/virginia-class-i-lemon-1-kg\/\" aria-describedby=\"woocommerce_loop_add_to_cart_link_describedby_674\" data-quantity=\"1\" class=\"button product_type_simple\" data-product_id=\"674\" data-product_sku=\"\" aria-label=\"Lese mehr \u00fcber \u201eVirginia Class I \u2013 (Lemon) \u2013 1\/Kg\u201c\" rel=\"nofollow\" data-success_message=\"\" data-no-translation=\"\" data-trp-gettext=\"\" data-no-translation-aria-label=\"\">Weiterlesen<\/a>\t<span id=\"woocommerce_loop_add_to_cart_link_describedby_674\" class=\"screen-reader-text\">\n\t\t\t<\/span>\n<\/li>\n<li class=\"product type-product post-664 status-publish first instock product_cat-tobacco-leaves has-post-thumbnail shipping-taxable product-type-simple\">\n\t<a href=\"https:\/\/tabakverkauf.com\/de\/produkt\/virginia-class-ii-medium-1-kg\/\" class=\"woocommerce-LoopProduct-link woocommerce-loop-product__link\"><img loading=\"lazy\" decoding=\"async\" width=\"300\" height=\"300\" src=\"https:\/\/tabakverkauf.com\/wp-content\/uploads\/2025\/12\/Virginia-klasa-II-1-scaled-1-300x300.jpg\" class=\"attachment-woocommerce_thumbnail size-woocommerce_thumbnail\" alt=\"Virginia Class II \u2013 (Medium) \u2013 1\/Kg\" srcset=\"https:\/\/tabakverkauf.com\/wp-content\/uploads\/2025\/12\/Virginia-klasa-II-1-scaled-1-300x300.jpg 300w, https:\/\/tabakverkauf.com\/wp-content\/uploads\/2025\/12\/Virginia-klasa-II-1-scaled-1-1024x1024.jpg 1024w, https:\/\/tabakverkauf.com\/wp-content\/uploads\/2025\/12\/Virginia-klasa-II-1-scaled-1-150x150.jpg 150w, https:\/\/tabakverkauf.com\/wp-content\/uploads\/2025\/12\/Virginia-klasa-II-1-scaled-1-768x768.jpg 768w, https:\/\/tabakverkauf.com\/wp-content\/uploads\/2025\/12\/Virginia-klasa-II-1-scaled-1-1536x1536.jpg 1536w, https:\/\/tabakverkauf.com\/wp-content\/uploads\/2025\/12\/Virginia-klasa-II-1-scaled-1-2048x2048.jpg 2048w, https:\/\/tabakverkauf.com\/wp-content\/uploads\/2025\/12\/Virginia-klasa-II-1-scaled-1-600x600.jpg 600w, https:\/\/tabakverkauf.com\/wp-content\/uploads\/2025\/12\/Virginia-klasa-II-1-scaled-1-100x100.jpg 100w\" sizes=\"auto, (max-width: 300px) 100vw, 300px\" \/><h2 class=\"woocommerce-loop-product__title\">Virginia Class II \u2013 (Medium) \u2013 1\/Kg<\/h2>\n<\/a><a href=\"https:\/\/tabakverkauf.com\/de\/produkt\/virginia-class-ii-medium-1-kg\/\" aria-describedby=\"woocommerce_loop_add_to_cart_link_describedby_664\" data-quantity=\"1\" class=\"button product_type_simple\" data-product_id=\"664\" data-product_sku=\"\" aria-label=\"Lese mehr \u00fcber \u201eVirginia Class II \u2013 (Medium) \u2013 1\/Kg\u201c\" rel=\"nofollow\" data-success_message=\"\" data-no-translation=\"\" data-trp-gettext=\"\" data-no-translation-aria-label=\"\">Weiterlesen<\/a>\t<span id=\"woocommerce_loop_add_to_cart_link_describedby_664\" class=\"screen-reader-text\">\n\t\t\t<\/span>\n<\/li>\n<\/ul>\n<\/div>\n\n\n\n<div class=\"wp-block-stackable-spacer stk-block-spacer stk--no-padding stk-block stk-b930302\" data-block-id=\"b930302\"><style>.stk-b930302 {height:140px !important;}@media screen and (max-width:999px){.stk-b930302 {height:100px !important;}}<\/style><\/div>","protected":false},"excerpt":{"rendered":"<p>Natural tobacco leaves of the highest quality Discover the richness of aromas straight from nature. We offer a wide selection of tobacco leaves as well as strips. See the full offer Discover Our Products We offer the highest quality natural tobacco leaves (Virginia, Burley, Oriental). Check out our range, trusted by customers across Europe.<\/p>","protected":false},"author":1,"featured_media":0,"parent":0,"menu_order":0,"comment_status":"closed","ping_status":"closed","template":"","meta":{"footnotes":""},"class_list":["post-452","page","type-page","status-publish","hentry"],"blocksy_meta":{"page_title_panel":"","has_hero_section":"disabled","f8be7323f56aba73b411685393ff1f7e":"","hero_section":"type-1","hero_elements":[{"id":"custom_title","enabled":true,"heading_tag":"h1","title":"Startseite"},{"id":"custom_description","enabled":true,"description_visibility":{"desktop":true,"tablet":true,"mobile":false}},{"id":"custom_meta","enabled":false,"meta_elements":[{"id":"author","enabled":true,"label":"By","has_author_avatar":"yes","avatar_size":25},{"id":"post_date","enabled":true,"label":"On","date_format_source":"default","date_format":"M j, Y"},{"id":"updated_date","enabled":false,"label":"On","date_format_source":"default","date_format":"M j, Y"},{"id":"categories","enabled":false,"label":"In","style":"simple"},{"id":"comments","enabled":true}],"page_meta_elements":{"joined":true,"articles_count":true,"comments":true}},{"id":"breadcrumbs","enabled":false}],"8fa98bfc447a7e82587fe4e981c9e347":"","hero_alignment1":"CT_CSS_SKIP_RULE","hero_margin":40,"hero_alignment2":"center","hero_vertical_alignment":"center","c0512e44f1d2f6f60514c93236f56105":"","hero_structure":"narrow","b21550d0ee5b11359611dc5a96e2638f":"","page_title_bg_type":"featured_image","custom_hero_background":{"attachment_id":null},"parallax":{"desktop":false,"tablet":false,"mobile":false},"1af920b6849c07acf3ee6aeb42fe338e":"","hero_height":"250px","pageTitleFont":{"family":"Default","variation":"Default","size":"30px","line-height":"CT_CSS_SKIP_RULE","letter-spacing":"CT_CSS_SKIP_RULE","text-transform":"CT_CSS_SKIP_RULE","text-decoration":"CT_CSS_SKIP_RULE"},"pageTitleFontColor":{"default":{"color":"CT_CSS_SKIP_RULEDEFAULT"}},"pageMetaFont":{"family":"Default","variation":"n6","size":"12px","line-height":"1.3","letter-spacing":"CT_CSS_SKIP_RULE","text-transform":"uppercase","text-decoration":"CT_CSS_SKIP_RULE"},"pageMetaFontColor":{"default":{"color":"CT_CSS_SKIP_RULEDEFAULT"},"hover":{"color":"CT_CSS_SKIP_RULEDEFAULT"}},"page_meta_button_type_font_colors":{"default":{"color":"CT_CSS_SKIP_RULEDEFAULT"},"hover":{"color":"CT_CSS_SKIP_RULEDEFAULT"}},"page_meta_button_type_background_colors":{"default":{"color":"CT_CSS_SKIP_RULEDEFAULT"},"hover":{"color":"CT_CSS_SKIP_RULEDEFAULT"}},"pageExcerptFont":{"family":"Default","variation":"Default","size":"CT_CSS_SKIP_RULE","line-height":"CT_CSS_SKIP_RULE","letter-spacing":"CT_CSS_SKIP_RULE","text-transform":"CT_CSS_SKIP_RULE","text-decoration":"CT_CSS_SKIP_RULE"},"pageExcerptColor":{"default":{"color":"CT_CSS_SKIP_RULEDEFAULT"}},"breadcrumbsFont":{"family":"Default","variation":"Default","size":"CT_CSS_SKIP_RULE","line-height":"CT_CSS_SKIP_RULE","letter-spacing":"CT_CSS_SKIP_RULE","text-transform":"CT_CSS_SKIP_RULE","text-decoration":"CT_CSS_SKIP_RULE"},"breadcrumbsFontColor":{"default":{"color":"CT_CSS_SKIP_RULEDEFAULT"},"initial":{"color":"CT_CSS_SKIP_RULEDEFAULT"},"hover":{"color":"CT_CSS_SKIP_RULEDEFAULT"}},"pageTitleOverlay":{"background_type":"color","background_pattern":"type-1","background_image":{"attachment_id":null,"x":0,"y":0},"gradient":"linear-gradient(135deg,rgba(6,147,227,1) 0%,rgb(155,81,224) 100%)","background_repeat":"repeat","background_size":"auto","background_attachment":"scroll","patternColor":{"default":{"color":"#e5e7ea"}},"overlayColor":{"default":{"color":"CT_CSS_SKIP_RULE"}},"backgroundColor":{"default":{"color":"CT_CSS_SKIP_RULE"}}},"pageTitleBackground":{"background_type":"color","background_pattern":"type-1","background_image":{"attachment_id":null,"x":0,"y":0},"gradient":"linear-gradient(135deg,rgba(6,147,227,1) 0%,rgb(155,81,224) 100%)","background_repeat":"repeat","background_size":"auto","background_attachment":"scroll","patternColor":{"default":{"color":"#e5e7ea"}},"overlayColor":{"default":{"color":"CT_CSS_SKIP_RULE"}},"backgroundColor":{"default":{"color":"var(--theme-palette-color-6)"}}},"pageTitlePadding":{"top":"50px","bottom":"50px","left":"auto","right":"auto","linked":true},"8cd0e9c9767d2050adff5e4ced7085f8":"","page_structure_type":"default","95ab8d84e5bcb6685645e8e036eaaf18":"","content_style_source":"inherit","content_style":"wide","vertical_spacing_source":"custom","content_area_spacing":"none","background":{"background_type":"color","background_pattern":"type-1","background_image":{"attachment_id":null,"x":0,"y":0},"gradient":"linear-gradient(135deg,rgba(6,147,227,1) 0%,rgb(155,81,224) 100%)","background_repeat":"repeat","background_size":"auto","background_attachment":"scroll","patternColor":{"default":{"color":"#e5e7ea"}},"overlayColor":{"default":{"color":"CT_CSS_SKIP_RULE"}},"backgroundColor":{"default":{"color":"CT_CSS_SKIP_RULE"}}},"content_background":{"background_type":"color","background_pattern":"type-1","background_image":{"attachment_id":null,"x":0,"y":0},"gradient":"linear-gradient(135deg,rgba(6,147,227,1) 0%,rgb(155,81,224) 100%)","background_repeat":"repeat","background_size":"auto","background_attachment":"scroll","patternColor":{"default":{"color":"#e5e7ea"}},"overlayColor":{"default":{"color":"CT_CSS_SKIP_RULE"}},"backgroundColor":{"default":{"color":"var(--theme-palette-color-8)"}}},"content_boxed_shadow":{"inherit":false,"blur":18,"spread":-6,"v_offset":12,"h_offset":0,"inset":false,"enable":true,"color":{"color":"rgba(34, 56, 101, 0.04)"}},"boxed_content_spacing":{"desktop":{"top":"40px","bottom":"40px","left":"40px","right":"40px","linked":true},"tablet":{"top":"35px","bottom":"35px","left":"35px","right":"35px","linked":true},"mobile":{"top":"20px","bottom":"20px","left":"20px","right":"20px","linked":true}},"content_boxed_radius":{"top":"3px","bottom":"3px","left":"3px","right":"3px","linked":true},"d2e78b319cfc7675a5fbca36ab2abe12":"","disable_featured_image":"no","disable_share_box":"no","disable_header":"no","disable_footer":"no","styles_descriptor":{"styles":{"desktop":"","tablet":"","mobile":""},"google_fonts":[],"version":6}},"_links":{"self":[{"href":"https:\/\/tabakverkauf.com\/de\/wp-json\/wp\/v2\/pages\/452","targetHints":{"allow":["GET"]}}],"collection":[{"href":"https:\/\/tabakverkauf.com\/de\/wp-json\/wp\/v2\/pages"}],"about":[{"href":"https:\/\/tabakverkauf.com\/de\/wp-json\/wp\/v2\/types\/page"}],"author":[{"embeddable":true,"href":"https:\/\/tabakverkauf.com\/de\/wp-json\/wp\/v2\/users\/1"}],"replies":[{"embeddable":true,"href":"https:\/\/tabakverkauf.com\/de\/wp-json\/wp\/v2\/comments?post=452"}],"version-history":[{"count":28,"href":"https:\/\/tabakverkauf.com\/de\/wp-json\/wp\/v2\/pages\/452\/revisions"}],"predecessor-version":[{"id":746,"href":"https:\/\/tabakverkauf.com\/de\/wp-json\/wp\/v2\/pages\/452\/revisions\/746"}],"wp:attachment":[{"href":"https:\/\/tabakverkauf.com\/de\/wp-json\/wp\/v2\/media?parent=452"}],"curies":[{"name":"wp","href":"https:\/\/api.w.org\/{rel}","templated":true}]}}