{"id":666,"date":"2025-12-27T16:14:42","date_gmt":"2025-12-27T15:14:42","guid":{"rendered":"https:\/\/tabakverkauf.com\/produkt\/oriental-asien-1-kg\/"},"modified":"2025-12-27T17:32:04","modified_gmt":"2025-12-27T16:32:04","slug":"oriental-asien-1-kg","status":"publish","type":"product","link":"https:\/\/tabakverkauf.com\/de\/produkt\/oriental-asien-1-kg\/","title":{"rendered":"Oriental \/ Asien \u2013 1\/Kg"},"content":{"rendered":"<div id=\"tab-description\" class=\"woocommerce-Tabs-panel woocommerce-Tabs-panel--description panel wc-tab\" role=\"tabpanel\" aria-labelledby=\"tab-title-description\">\n<div class=\"nm-row\">\n<div class=\"col-xs-12\">\n<div class=\"nm-tabs-panel-inner entry-content\">\n<p style=\"text-align: left;\">Orientalische Bl\u00e4tter werden auch Virginia Asien genannt. Orientalische Tabakbl\u00e4tter sind mittelgro\u00df. Diese Bl\u00e4tter haben eine dunkelorange Farbe, k\u00f6nnen jedoch je nach Ernte in ihrer Farbnuance variieren.<\/p>\n<h2 style=\"text-align: left;\"><strong>Legal<\/strong><\/h2>\n<p style=\"text-align: left;\">Rohtabak wird als landwirtschaftliches Erzeugnis und nicht als Tabakprodukt eingestuft. F\u00fcr Steuerzwecke werden Tabakbl\u00e4tter oder Rohtabak als landwirtschaftliche Erzeugnisse behandelt und sind von der Tabaksteuer befreit. Sobald der Rohtabak jedoch geschnitten oder zu Zigarettentabak verarbeitet wird, unterliegt er der Besteuerung. Die Rechtsvorschriften zur Besteuerung von Tabakbl\u00e4ttern finden Sie hier: <a href=\"http:\/\/www.gesetze-im-internet.de\/tabstg_2009\/BJNR187010009.html#BJNR187010009BJNG000100000\">Tabaksteuergesetz (TabStG)<\/a><\/p>\n<\/div>\n<\/div>\n<\/div>\n<\/div>","protected":false},"excerpt":{"rendered":"<div id=\"tab-description\" class=\"woocommerce-Tabs-panel woocommerce-Tabs-panel--description panel wc-tab\" role=\"tabpanel\" aria-labelledby=\"tab-title-description\">\n<div class=\"nm-row\">\n<div class=\"col-xs-12\">\n<div class=\"nm-tabs-panel-inner entry-content\">\n<p style=\"text-align: left;\">Orientalische Bl\u00e4tter werden auch Virginia Asien genannt. Orientalische Tabakbl\u00e4tter sind mittelgro\u00df. Diese Bl\u00e4tter haben eine dunkelorange Farbe, k\u00f6nnen jedoch je nach Ernte in ihrer Farbnuance variieren.<\/p>\n<h2 style=\"text-align: left;\"><strong>Legal<\/strong><\/h2>\n<p style=\"text-align: left;\">Rohtabak wird als landwirtschaftliches Erzeugnis und nicht als Tabakprodukt eingestuft. F\u00fcr Steuerzwecke werden Tabakbl\u00e4tter oder Rohtabak als landwirtschaftliche Erzeugnisse behandelt und sind von der Tabaksteuer befreit. Sobald der Rohtabak jedoch geschnitten oder zu Zigarettentabak verarbeitet wird, unterliegt er der Besteuerung. Die Rechtsvorschriften zur Besteuerung von Tabakbl\u00e4ttern finden Sie hier: <a href=\"http:\/\/www.gesetze-im-internet.de\/tabstg_2009\/BJNR187010009.html#BJNR187010009BJNG000100000\">Tabaksteuergesetz (TabStG)<\/a><\/p>\n<\/div>\n<\/div>\n<\/div>\n<\/div>","protected":false},"featured_media":665,"comment_status":"open","ping_status":"closed","template":"","meta":[],"product_brand":[],"product_cat":[22],"product_tag":[],"class_list":{"0":"post-666","1":"product","2":"type-product","3":"status-publish","4":"has-post-thumbnail","6":"product_cat-tobacco-leaves","8":"first","9":"instock","10":"shipping-taxable","11":"product-type-simple"},"_links":{"self":[{"href":"https:\/\/tabakverkauf.com\/de\/wp-json\/wp\/v2\/product\/666","targetHints":{"allow":["GET"]}}],"collection":[{"href":"https:\/\/tabakverkauf.com\/de\/wp-json\/wp\/v2\/product"}],"about":[{"href":"https:\/\/tabakverkauf.com\/de\/wp-json\/wp\/v2\/types\/product"}],"replies":[{"embeddable":true,"href":"https:\/\/tabakverkauf.com\/de\/wp-json\/wp\/v2\/comments?post=666"}],"wp:featuredmedia":[{"embeddable":true,"href":"https:\/\/tabakverkauf.com\/de\/wp-json\/wp\/v2\/media\/665"}],"wp:attachment":[{"href":"https:\/\/tabakverkauf.com\/de\/wp-json\/wp\/v2\/media?parent=666"}],"wp:term":[{"taxonomy":"product_brand","embeddable":true,"href":"https:\/\/tabakverkauf.com\/de\/wp-json\/wp\/v2\/product_brand?post=666"},{"taxonomy":"product_cat","embeddable":true,"href":"https:\/\/tabakverkauf.com\/de\/wp-json\/wp\/v2\/product_cat?post=666"},{"taxonomy":"product_tag","embeddable":true,"href":"https:\/\/tabakverkauf.com\/de\/wp-json\/wp\/v2\/product_tag?post=666"}],"curies":[{"name":"wp","href":"https:\/\/api.w.org\/{rel}","templated":true}]}}