{"id":680,"date":"2025-12-27T16:15:00","date_gmt":"2025-12-27T15:15:00","guid":{"rendered":"https:\/\/tabakverkauf.com\/produkt\/mix-of-tobacco-leaves-1-kg\/"},"modified":"2025-12-27T17:29:47","modified_gmt":"2025-12-27T16:29:47","slug":"mix-of-tobacco-leaves-1-kg","status":"publish","type":"product","link":"https:\/\/tabakverkauf.com\/de\/produkt\/mix-of-tobacco-leaves-1-kg\/","title":{"rendered":"Mix of tobacco leaves \u2013 1\/Kg"},"content":{"rendered":"<div id=\"tab-description\" class=\"woocommerce-Tabs-panel woocommerce-Tabs-panel--description panel wc-tab\" role=\"tabpanel\" aria-labelledby=\"tab-title-description\">\n<div class=\"nm-row\">\n<div class=\"col-xs-12\">\n<div class=\"nm-tabs-panel-inner entry-content\">\n<p style=\"text-align: left;\">Eine Kuriosit\u00e4t f\u00fcr diejenigen, die sich f\u00fcr Mischungen interessieren, ist, dass aus Virginia-, Burley- und Oriental-Tabakbl\u00e4ttern eine Mischung hergestellt wird, die als American Blend bekannt ist. <span class=\"JLqJ4b ChMk0b\" data-language-for-alternatives=\"en\" data-language-to-translate-into=\"es\" data-phrase-index=\"1\">In diesem Angebot finden Sie Virginia- und Burley-Bl\u00e4tter, mit denen Sie Ihre gew\u00fcnschte Mischung zusammenstellen k\u00f6nnen. Je nach Jahrgang kann der Farbton variieren. Feuchtigkeit von 9 bis 21 %.<\/span><\/p>\n<h2 style=\"text-align: left;\"><strong>Legal<\/strong><\/h2>\n<p style=\"text-align: left;\">Rohtabak wird als landwirtschaftliches Erzeugnis und nicht als Tabakprodukt eingestuft. F\u00fcr Steuerzwecke werden Tabakbl\u00e4tter oder Rohtabak als landwirtschaftliche Erzeugnisse behandelt und sind von der Tabaksteuer befreit. Sobald der Rohtabak jedoch geschnitten oder zu Zigarettentabak verarbeitet wird, unterliegt er der Besteuerung. Die Rechtsvorschriften zur Besteuerung von Tabakbl\u00e4ttern finden Sie hier: <a href=\"http:\/\/www.gesetze-im-internet.de\/tabstg_2009\/BJNR187010009.html#BJNR187010009BJNG000100000\">Tabaksteuergesetz (TabStG)<\/a><\/p>\n<\/div>\n<\/div>\n<\/div>\n<\/div>","protected":false},"excerpt":{"rendered":"<div id=\"tab-description\" class=\"woocommerce-Tabs-panel woocommerce-Tabs-panel--description panel wc-tab\" role=\"tabpanel\" aria-labelledby=\"tab-title-description\">\n<div class=\"nm-row\">\n<div class=\"col-xs-12\">\n<div class=\"nm-tabs-panel-inner entry-content\">\n<p style=\"text-align: left;\">Eine Kuriosit\u00e4t f\u00fcr diejenigen, die sich f\u00fcr Mischungen interessieren, ist, dass aus Virginia-, Burley- und Oriental-Tabakbl\u00e4ttern eine Mischung hergestellt wird, die als American Blend bekannt ist. <span class=\"JLqJ4b ChMk0b\" data-language-for-alternatives=\"en\" data-language-to-translate-into=\"es\" data-phrase-index=\"1\">In diesem Angebot finden Sie Virginia- und Burley-Bl\u00e4tter, mit denen Sie Ihre gew\u00fcnschte Mischung zusammenstellen k\u00f6nnen. Je nach Jahrgang kann der Farbton variieren. Feuchtigkeit von 9 bis 21 %.<\/span><\/p>\n<h2 style=\"text-align: left;\"><strong>Legal<\/strong><\/h2>\n<p style=\"text-align: left;\">Rohtabak wird als landwirtschaftliches Erzeugnis und nicht als Tabakprodukt eingestuft. F\u00fcr Steuerzwecke werden Tabakbl\u00e4tter oder Rohtabak als landwirtschaftliche Erzeugnisse behandelt und sind von der Tabaksteuer befreit. Sobald der Rohtabak jedoch geschnitten oder zu Zigarettentabak verarbeitet wird, unterliegt er der Besteuerung. Die Rechtsvorschriften zur Besteuerung von Tabakbl\u00e4ttern finden Sie hier: <a href=\"http:\/\/www.gesetze-im-internet.de\/tabstg_2009\/BJNR187010009.html#BJNR187010009BJNG000100000\">Tabaksteuergesetz (TabStG)<\/a><\/p>\n<\/div>\n<\/div>\n<\/div>\n<\/div>","protected":false},"featured_media":675,"comment_status":"open","ping_status":"closed","template":"","meta":[],"product_brand":[],"product_cat":[22],"product_tag":[],"class_list":{"0":"post-680","1":"product","2":"type-product","3":"status-publish","4":"has-post-thumbnail","6":"product_cat-tobacco-leaves","8":"first","9":"instock","10":"shipping-taxable","11":"product-type-simple"},"_links":{"self":[{"href":"https:\/\/tabakverkauf.com\/de\/wp-json\/wp\/v2\/product\/680","targetHints":{"allow":["GET"]}}],"collection":[{"href":"https:\/\/tabakverkauf.com\/de\/wp-json\/wp\/v2\/product"}],"about":[{"href":"https:\/\/tabakverkauf.com\/de\/wp-json\/wp\/v2\/types\/product"}],"replies":[{"embeddable":true,"href":"https:\/\/tabakverkauf.com\/de\/wp-json\/wp\/v2\/comments?post=680"}],"wp:featuredmedia":[{"embeddable":true,"href":"https:\/\/tabakverkauf.com\/de\/wp-json\/wp\/v2\/media\/675"}],"wp:attachment":[{"href":"https:\/\/tabakverkauf.com\/de\/wp-json\/wp\/v2\/media?parent=680"}],"wp:term":[{"taxonomy":"product_brand","embeddable":true,"href":"https:\/\/tabakverkauf.com\/de\/wp-json\/wp\/v2\/product_brand?post=680"},{"taxonomy":"product_cat","embeddable":true,"href":"https:\/\/tabakverkauf.com\/de\/wp-json\/wp\/v2\/product_cat?post=680"},{"taxonomy":"product_tag","embeddable":true,"href":"https:\/\/tabakverkauf.com\/de\/wp-json\/wp\/v2\/product_tag?post=680"}],"curies":[{"name":"wp","href":"https:\/\/api.w.org\/{rel}","templated":true}]}}